{"id":303,"date":"2024-02-16T14:32:19","date_gmt":"2024-02-16T13:32:19","guid":{"rendered":"https:\/\/residencemilanomarittima.ms2.decms.eu\/?page_id=303"},"modified":"2024-05-29T14:25:27","modified_gmt":"2024-05-29T12:25:27","slug":"wo-wir-sind","status":"publish","type":"page","link":"https:\/\/www.residencemilanomarittima.com\/de\/wo-wir-sind\/","title":{"rendered":"Wo wir sind"},"content":{"rendered":"<p>Das Hotel liegt im prestigetr\u00e4chtigen Milano Marittima, nur 50 Meter vom Meer entfernt und ganz in der N\u00e4he des Zentrums in der ber\u00fchmten Einkaufsstra\u00dfe in der N\u00e4he aller wichtigen Dienstleistungen.<\/p>\n<p>Strategische Lage, 50 Meter vom Supermarkt, der Apotheke und 80 Meter vom Meer entfernt.<\/p>\n","protected":false},"excerpt":{"rendered":"<p>Das Hotel liegt im prestigetr\u00e4chtigen Milano Marittima, nur 50 Meter vom Meer entfernt und ganz in der N\u00e4he des Zentrums in der ber\u00fchmten Einkaufsstra\u00dfe in der N\u00e4he aller wichtigen Dienstleistungen. Strategische Lage, 50 Meter vom Supermarkt, der Apotheke und 80 Meter vom Meer entfernt.<\/p>\n","protected":false},"author":26,"featured_media":0,"parent":0,"menu_order":60,"comment_status":"closed","ping_status":"closed","template":"template-location.php","meta":{"footnotes":""},"class_list":["post-303","page","type-page","status-publish","hentry"],"yoast_head":"<!-- This site is optimized with the Yoast SEO plugin v27.3 - https:\/\/yoast.com\/product\/yoast-seo-wordpress\/ -->\n<title>Wo wir sind &#183; Residence 9Line &#183;<\/title>\n<meta name=\"description\" content=\"Das Hotel liegt im prestigetr\u00e4chtigen Milano Marittima, nur 50 Meter vom Meer entfernt und ganz in der N\u00e4he des Zentrums in der ber\u00fchmten Einkaufsstra\u00dfe in der N\u00e4he aller wichtigen Dienstleistungen.  Strategische Lage, 50 Meter vom Supermarkt, der Apotheke und 80 Meter vom Meer entfernt..\" \/>\n<meta name=\"robots\" content=\"index, follow, max-snippet:-1, max-image-preview:large, max-video-preview:-1\" \/>\n<link rel=\"canonical\" href=\"https:\/\/www.residencemilanomarittima.com\/de\/wo-wir-sind\/\" \/>\n<meta property=\"og:locale\" content=\"de_DE\" \/>\n<meta property=\"og:type\" content=\"article\" \/>\n<meta property=\"og:title\" content=\"Wo wir sind &#183; Residence 9Line &#183;\" \/>\n<meta property=\"og:description\" content=\"Das Hotel liegt im prestigetr\u00e4chtigen Milano Marittima, nur 50 Meter vom Meer entfernt und ganz in der N\u00e4he des Zentrums in der ber\u00fchmten Einkaufsstra\u00dfe in der N\u00e4he aller wichtigen Dienstleistungen.  Strategische Lage, 50 Meter vom Supermarkt, der Apotheke und 80 Meter vom Meer entfernt..\" \/>\n<meta property=\"og:url\" content=\"https:\/\/www.residencemilanomarittima.com\/de\/wo-wir-sind\/\" \/>\n<meta property=\"og:site_name\" content=\"Residence 9Line\" \/>\n<meta property=\"article:modified_time\" content=\"2024-05-29T12:25:27+00:00\" \/>\n<meta name=\"twitter:card\" content=\"summary_large_image\" \/>\n<meta name=\"twitter:label1\" content=\"Gesch\u00e4tzte Lesezeit\" \/>\n\t<meta name=\"twitter:data1\" content=\"1 Minute\" \/>\n<script type=\"application\/ld+json\" class=\"yoast-schema-graph\">{\"@context\":\"https:\\\/\\\/schema.org\",\"@graph\":[{\"@type\":\"WebPage\",\"@id\":\"https:\\\/\\\/www.residencemilanomarittima.com\\\/de\\\/wo-wir-sind\\\/\",\"url\":\"https:\\\/\\\/www.residencemilanomarittima.com\\\/de\\\/wo-wir-sind\\\/\",\"name\":\"Wo wir sind &#183; Residence 9Line &#183;\",\"isPartOf\":{\"@id\":\"https:\\\/\\\/www.residencemilanomarittima.com\\\/de\\\/#website\"},\"datePublished\":\"2024-02-16T13:32:19+00:00\",\"dateModified\":\"2024-05-29T12:25:27+00:00\",\"description\":\"Das Hotel liegt im prestigetr\u00e4chtigen Milano Marittima, nur 50 Meter vom Meer entfernt und ganz in der N\u00e4he des Zentrums in der ber\u00fchmten Einkaufsstra\u00dfe in der N\u00e4he aller wichtigen Dienstleistungen. Strategische Lage, 50 Meter vom Supermarkt, der Apotheke und 80 Meter vom Meer entfernt..\",\"breadcrumb\":{\"@id\":\"https:\\\/\\\/www.residencemilanomarittima.com\\\/de\\\/wo-wir-sind\\\/#breadcrumb\"},\"inLanguage\":\"de-DE\",\"potentialAction\":[{\"@type\":\"ReadAction\",\"target\":[\"https:\\\/\\\/www.residencemilanomarittima.com\\\/de\\\/wo-wir-sind\\\/\"]}]},{\"@type\":\"BreadcrumbList\",\"@id\":\"https:\\\/\\\/www.residencemilanomarittima.com\\\/de\\\/wo-wir-sind\\\/#breadcrumb\",\"itemListElement\":[{\"@type\":\"ListItem\",\"position\":1,\"name\":\"Home\",\"item\":\"https:\\\/\\\/www.residencemilanomarittima.com\\\/de\\\/\"},{\"@type\":\"ListItem\",\"position\":2,\"name\":\"Wo wir sind\"}]},{\"@type\":\"WebSite\",\"@id\":\"https:\\\/\\\/www.residencemilanomarittima.com\\\/de\\\/#website\",\"url\":\"https:\\\/\\\/www.residencemilanomarittima.com\\\/de\\\/\",\"name\":\"Residence 9Line\",\"description\":\"\",\"potentialAction\":[{\"@type\":\"SearchAction\",\"target\":{\"@type\":\"EntryPoint\",\"urlTemplate\":\"https:\\\/\\\/www.residencemilanomarittima.com\\\/de\\\/?s={search_term_string}\"},\"query-input\":{\"@type\":\"PropertyValueSpecification\",\"valueRequired\":true,\"valueName\":\"search_term_string\"}}],\"inLanguage\":\"de-DE\"}]}<\/script>\n<!-- \/ Yoast SEO plugin. -->","yoast_head_json":{"title":"Wo wir sind &#183; Residence 9Line &#183;","description":"Das Hotel liegt im prestigetr\u00e4chtigen Milano Marittima, nur 50 Meter vom Meer entfernt und ganz in der N\u00e4he des Zentrums in der ber\u00fchmten Einkaufsstra\u00dfe in der N\u00e4he aller wichtigen Dienstleistungen.  Strategische Lage, 50 Meter vom Supermarkt, der Apotheke und 80 Meter vom Meer entfernt..","robots":{"index":"index","follow":"follow","max-snippet":"max-snippet:-1","max-image-preview":"max-image-preview:large","max-video-preview":"max-video-preview:-1"},"canonical":"https:\/\/www.residencemilanomarittima.com\/de\/wo-wir-sind\/","og_locale":"de_DE","og_type":"article","og_title":"Wo wir sind &#183; Residence 9Line &#183;","og_description":"Das Hotel liegt im prestigetr\u00e4chtigen Milano Marittima, nur 50 Meter vom Meer entfernt und ganz in der N\u00e4he des Zentrums in der ber\u00fchmten Einkaufsstra\u00dfe in der N\u00e4he aller wichtigen Dienstleistungen.  Strategische Lage, 50 Meter vom Supermarkt, der Apotheke und 80 Meter vom Meer entfernt..","og_url":"https:\/\/www.residencemilanomarittima.com\/de\/wo-wir-sind\/","og_site_name":"Residence 9Line","article_modified_time":"2024-05-29T12:25:27+00:00","twitter_card":"summary_large_image","twitter_misc":{"Gesch\u00e4tzte Lesezeit":"1 Minute"},"schema":{"@context":"https:\/\/schema.org","@graph":[{"@type":"WebPage","@id":"https:\/\/www.residencemilanomarittima.com\/de\/wo-wir-sind\/","url":"https:\/\/www.residencemilanomarittima.com\/de\/wo-wir-sind\/","name":"Wo wir sind &#183; Residence 9Line &#183;","isPartOf":{"@id":"https:\/\/www.residencemilanomarittima.com\/de\/#website"},"datePublished":"2024-02-16T13:32:19+00:00","dateModified":"2024-05-29T12:25:27+00:00","description":"Das Hotel liegt im prestigetr\u00e4chtigen Milano Marittima, nur 50 Meter vom Meer entfernt und ganz in der N\u00e4he des Zentrums in der ber\u00fchmten Einkaufsstra\u00dfe in der N\u00e4he aller wichtigen Dienstleistungen. Strategische Lage, 50 Meter vom Supermarkt, der Apotheke und 80 Meter vom Meer entfernt..","breadcrumb":{"@id":"https:\/\/www.residencemilanomarittima.com\/de\/wo-wir-sind\/#breadcrumb"},"inLanguage":"de-DE","potentialAction":[{"@type":"ReadAction","target":["https:\/\/www.residencemilanomarittima.com\/de\/wo-wir-sind\/"]}]},{"@type":"BreadcrumbList","@id":"https:\/\/www.residencemilanomarittima.com\/de\/wo-wir-sind\/#breadcrumb","itemListElement":[{"@type":"ListItem","position":1,"name":"Home","item":"https:\/\/www.residencemilanomarittima.com\/de\/"},{"@type":"ListItem","position":2,"name":"Wo wir sind"}]},{"@type":"WebSite","@id":"https:\/\/www.residencemilanomarittima.com\/de\/#website","url":"https:\/\/www.residencemilanomarittima.com\/de\/","name":"Residence 9Line","description":"","potentialAction":[{"@type":"SearchAction","target":{"@type":"EntryPoint","urlTemplate":"https:\/\/www.residencemilanomarittima.com\/de\/?s={search_term_string}"},"query-input":{"@type":"PropertyValueSpecification","valueRequired":true,"valueName":"search_term_string"}}],"inLanguage":"de-DE"}]}},"acf":[],"_links":{"self":[{"href":"https:\/\/www.residencemilanomarittima.com\/de\/wp-json\/wp\/v2\/pages\/303","targetHints":{"allow":["GET"]}}],"collection":[{"href":"https:\/\/www.residencemilanomarittima.com\/de\/wp-json\/wp\/v2\/pages"}],"about":[{"href":"https:\/\/www.residencemilanomarittima.com\/de\/wp-json\/wp\/v2\/types\/page"}],"author":[{"embeddable":true,"href":"https:\/\/www.residencemilanomarittima.com\/de\/wp-json\/wp\/v2\/users\/26"}],"replies":[{"embeddable":true,"href":"https:\/\/www.residencemilanomarittima.com\/de\/wp-json\/wp\/v2\/comments?post=303"}],"version-history":[{"count":0,"href":"https:\/\/www.residencemilanomarittima.com\/de\/wp-json\/wp\/v2\/pages\/303\/revisions"}],"wp:attachment":[{"href":"https:\/\/www.residencemilanomarittima.com\/de\/wp-json\/wp\/v2\/media?parent=303"}],"curies":[{"name":"wp","href":"https:\/\/api.w.org\/{rel}","templated":true}]}}